{"id":4378,"date":"2025-09-10T17:20:27","date_gmt":"2025-09-10T17:20:27","guid":{"rendered":"https:\/\/cdtrp1.test.mobis.io\/projets-de-recherche\/covasc-ich\/"},"modified":"2025-09-29T17:46:35","modified_gmt":"2025-09-29T17:46:35","slug":"covasc-ich","status":"publish","type":"page","link":"https:\/\/canih.ca\/fr\/projets-de-recherche\/covasc-ich\/","title":{"rendered":"CoVasc-ICH"},"content":{"rendered":"<div class=\"fusion-fullwidth fullwidth-box fusion-builder-row-1 fusion-flex-container has-pattern-background has-mask-background nonhundred-percent-fullwidth non-hundred-percent-height-scrolling\" style=\"--awb-border-radius-top-left:0px;--awb-border-radius-top-right:0px;--awb-border-radius-bottom-right:0px;--awb-border-radius-bottom-left:0px;--awb-flex-wrap:wrap;\" ><div class=\"fusion-builder-row fusion-row fusion-flex-align-items-stretch fusion-flex-content-wrap\" style=\"max-width:1372.8px;margin-left: calc(-4% \/ 2 );margin-right: calc(-4% \/ 2 );\"><div class=\"fusion-layout-column fusion_builder_column fusion-builder-column-0 fusion_builder_column_3_4 3_4 fusion-flex-column\" style=\"--awb-padding-bottom:60px;--awb-bg-size:cover;--awb-width-large:75%;--awb-margin-top-large:0px;--awb-spacing-right-large:2.56%;--awb-margin-bottom-large:0px;--awb-spacing-left-large:2.56%;--awb-width-medium:75%;--awb-order-medium:0;--awb-spacing-right-medium:2.56%;--awb-spacing-left-medium:2.56%;--awb-width-small:100%;--awb-order-small:0;--awb-spacing-right-small:1.92%;--awb-spacing-left-small:1.92%;\"><div class=\"fusion-column-wrapper fusion-column-has-shadow fusion-flex-justify-content-flex-start fusion-content-layout-column\"><div class=\"fusion-title title fusion-title-1 fusion-sep-none fusion-title-text fusion-title-size-one\" style=\"--awb-margin-bottom-small:20px;--awb-font-size:var(--awb-typography1-font-size);\"><h1 class=\"fusion-title-heading title-heading-left\" style=\"font-family:var(--awb-typography1-font-family);font-weight:var(--awb-typography1-font-weight);font-style:var(--awb-typography1-font-style);margin:0;letter-spacing:var(--awb-typography1-letter-spacing);text-transform:var(--awb-typography1-text-transform);font-size:1em;line-height:var(--awb-typography1-line-height);\">CoVasc-ICH<\/h1><\/div><div class=\"fusion-text fusion-text-1\" style=\"--awb-font-size:var(--awb-typography2-font-size);--awb-line-height:var(--awb-typography2-line-height);--awb-letter-spacing:var(--awb-typography2-letter-spacing);--awb-text-transform:var(--awb-typography2-text-transform);--awb-text-font-family:var(--awb-typography2-font-family);--awb-text-font-weight:var(--awb-typography2-font-weight);--awb-text-font-style:var(--awb-typography2-font-style);\"><p>Colchicine for the prevention of vascular events after an acute intracerebral hemorrhage (CoVasc-ICH)<\/p>\n<\/div><div class=\"fusion-title title fusion-title-2 fusion-sep-none fusion-title-text fusion-title-size-four\" style=\"--awb-margin-bottom:30px;\"><h4 class=\"fusion-title-heading title-heading-left\" style=\"margin:0;\">Contexte<\/h4><\/div><div class=\"fusion-builder-row fusion-builder-row-inner fusion-row fusion-flex-align-items-stretch fusion-flex-content-wrap\" style=\"width:104% !important;max-width:104% !important;margin-left: calc(-4% \/ 2 );margin-right: calc(-4% \/ 2 );\"><div class=\"fusion-layout-column fusion_builder_column_inner fusion-builder-nested-column-0 fusion_builder_column_inner_1_1 1_1 fusion-flex-column\" style=\"--awb-bg-size:cover;--awb-width-large:100%;--awb-margin-top-large:0px;--awb-spacing-right-large:1.92%;--awb-margin-bottom-large:0px;--awb-spacing-left-large:1.92%;--awb-width-medium:100%;--awb-order-medium:0;--awb-spacing-right-medium:1.92%;--awb-spacing-left-medium:1.92%;--awb-width-small:100%;--awb-order-small:0;--awb-spacing-right-small:1.92%;--awb-spacing-left-small:1.92%;\"><div class=\"fusion-column-wrapper fusion-column-has-shadow fusion-flex-justify-content-flex-start fusion-content-layout-column\"><ul style=\"--awb-margin-top:0px;--awb-item-padding-top:30px;--awb-item-padding-right:30px;--awb-item-padding-bottom:30px;--awb-item-padding-left:20px;--awb-even-row-bgcolor:var(--awb-color2);--awb-iconcolor:var(--awb-color5);--awb-line-height:27.2px;--awb-icon-width:27.2px;--awb-icon-height:27.2px;--awb-icon-margin:11.2px;--awb-content-margin:38.4px;\" class=\"fusion-checklist fusion-checklist-1 type-icons\"><li class=\"fusion-li-item\" style=\"\"><span class=\"icon-wrapper circle-no\"><i class=\"fusion-li-icon awb-business-long-arrow-alt-right-solid\" aria-hidden=\"true\"><\/i><\/span><div class=\"fusion-li-item-content\">\n<p>La colchicine est un m\u00e9dicament utilis\u00e9 depuis des d\u00e9cennies pour traiter diverses affections m\u00e9dicales. Elle est bien tol\u00e9r\u00e9e et s\u00e9curitaire.<\/p>\n<\/div><\/li><li class=\"fusion-li-item\" style=\"\"><span class=\"icon-wrapper circle-no\"><i class=\"fusion-li-icon awb-business-long-arrow-alt-right-solid\" aria-hidden=\"true\"><\/i><\/span><div class=\"fusion-li-item-content\">\n<p>R\u00e9cemment, on a d\u00e9couvert que ce m\u00e9dicament pouvait r\u00e9duire la formation de caillots en diminuant l\u2019inflammation, sans augmenter le risque de saignement.<\/p>\n<\/div><\/li><\/ul><\/div><\/div><\/div><div style=\"text-align:left;\"><a class=\"fusion-button button-flat button-medium button-default fusion-button-default button-1 fusion-button-default-span fusion-button-default-type\" style=\"--button_margin-top:1.5rem;\" target=\"_blank\" rel=\"noopener noreferrer\" href=\" https:\/\/www.phri.ca\/research\/covasc-ich\/\"><span class=\"fusion-button-text awb-button__text awb-button__text--default\">Pour en savoir plus sur le contexte de l\u2019\u00e9tude<\/span><\/a><\/div><div class=\"fusion-separator fusion-full-width-sep\" style=\"align-self: center;margin-left: auto;margin-right: auto;margin-top:30px;margin-bottom:30px;width:100%;\"><\/div><div class=\"fusion-title title fusion-title-3 fusion-sep-none fusion-title-text fusion-title-size-four\" style=\"--awb-margin-top:60px;--awb-margin-bottom:30px;--awb-margin-top-small:60px;--awb-margin-bottom-small:30px;\"><h4 class=\"fusion-title-heading title-heading-left\" style=\"margin:0;\">Objectif de l\u2019\u00e9tude<\/h4><\/div><div class=\"fusion-builder-row fusion-builder-row-inner fusion-row fusion-flex-align-items-stretch fusion-flex-content-wrap\" style=\"width:104% !important;max-width:104% !important;margin-left: calc(-4% \/ 2 );margin-right: calc(-4% \/ 2 );\"><div class=\"fusion-layout-column fusion_builder_column_inner fusion-builder-nested-column-1 fusion_builder_column_inner_1_1 1_1 fusion-flex-column\" style=\"--awb-bg-size:cover;--awb-width-large:100%;--awb-margin-top-large:0px;--awb-spacing-right-large:1.92%;--awb-margin-bottom-large:0px;--awb-spacing-left-large:1.92%;--awb-width-medium:100%;--awb-order-medium:0;--awb-spacing-right-medium:1.92%;--awb-spacing-left-medium:1.92%;--awb-width-small:100%;--awb-order-small:0;--awb-spacing-right-small:1.92%;--awb-spacing-left-small:1.92%;\"><div class=\"fusion-column-wrapper fusion-column-has-shadow fusion-flex-justify-content-flex-start fusion-content-layout-column\"><ul style=\"--awb-margin-top:0px;--awb-item-padding-top:30px;--awb-item-padding-right:30px;--awb-item-padding-bottom:30px;--awb-item-padding-left:20px;--awb-even-row-bgcolor:var(--awb-color2);--awb-iconcolor:var(--awb-color5);--awb-line-height:27.2px;--awb-icon-width:27.2px;--awb-icon-height:27.2px;--awb-icon-margin:11.2px;--awb-content-margin:38.4px;\" class=\"fusion-checklist fusion-checklist-2 type-icons\"><li class=\"fusion-li-item\" style=\"\"><span class=\"icon-wrapper circle-no\"><i class=\"fusion-li-icon awb-business-long-arrow-alt-right-solid\" aria-hidden=\"true\"><\/i><\/span><div class=\"fusion-li-item-content\">\nL\u2019\u00e9tude CoVasc-ICH vise \u00e0 d\u00e9terminer si la colchicine peut r\u00e9duire le risque de caillots et de handicap, sans accro\u00eetre le risque de r\u00e9cidive d\u2019h\u00e9morragie apr\u00e8s un accident vasculaire c\u00e9r\u00e9bral (AVC) h\u00e9morragique.<\/div><\/li><\/ul><\/div><\/div><\/div><div style=\"text-align:left;\"><a class=\"fusion-button button-flat button-medium button-default fusion-button-default button-2 fusion-button-default-span fusion-button-default-type\" style=\"--button_margin-top:1.5rem;\" target=\"_blank\" rel=\"noopener noreferrer\" href=\"https:\/\/www.phri.ca\/research\/covasc-ich-2\/\"><span class=\"fusion-button-text awb-button__text awb-button__text--default\">Pour en savoir plus sur l\u2019\u00e9tude<\/span><\/a><\/div><\/div><\/div><div class=\"fusion-layout-column fusion_builder_column fusion-builder-column-1 fusion_builder_column_1_4 1_4 fusion-flex-column\" style=\"--awb-padding-top:1rem;--awb-padding-right:1rem;--awb-padding-bottom:1rem;--awb-padding-left:1rem;--awb-bg-color:var(--awb-color2);--awb-bg-color-hover:var(--awb-color2);--awb-bg-size:cover;--awb-width-large:25%;--awb-margin-top-large:0px;--awb-spacing-right-large:7.68%;--awb-margin-bottom-large:20px;--awb-spacing-left-large:7.68%;--awb-width-medium:25%;--awb-order-medium:0;--awb-spacing-right-medium:7.68%;--awb-spacing-left-medium:7.68%;--awb-width-small:100%;--awb-order-small:0;--awb-spacing-right-small:1.92%;--awb-spacing-left-small:1.92%;\" data-scroll-devices=\"small-visibility,medium-visibility,large-visibility\"><div class=\"fusion-column-wrapper fusion-column-has-shadow fusion-flex-justify-content-flex-start fusion-content-layout-column\"><div class=\"fusion-title title fusion-title-4 sep-underline sep-solid fusion-title-text fusion-title-size-three\" style=\"--awb-font-size:var(--awb-typography2-font-size);\"><h3 class=\"fusion-title-heading title-heading-left\" style=\"font-family:var(--awb-typography2-font-family);font-weight:var(--awb-typography2-font-weight);font-style:var(--awb-typography2-font-style);margin:0;letter-spacing:var(--awb-typography2-letter-spacing);text-transform:var(--awb-typography2-text-transform);font-size:1em;line-height:var(--awb-typography2-line-height);\">\u00c0 propos de l\u2019\u00e9tude<\/h3><\/div><div class=\"fusion-image-element \" style=\"--awb-caption-title-font-family:var(--h2_typography-font-family);--awb-caption-title-font-weight:var(--h2_typography-font-weight);--awb-caption-title-font-style:var(--h2_typography-font-style);--awb-caption-title-size:var(--h2_typography-font-size);--awb-caption-title-transform:var(--h2_typography-text-transform);--awb-caption-title-line-height:var(--h2_typography-line-height);--awb-caption-title-letter-spacing:var(--h2_typography-letter-spacing);\"><span class=\" fusion-imageframe imageframe-none imageframe-1 hover-type-none\"><img decoding=\"async\" width=\"271\" height=\"406\" title=\"2x3_dr-aristeidis-katsanos\" src=\"https:\/\/canih.ca\/wp-content\/uploads\/2025\/09\/2x3_dr-aristeidis-katsanos.jpg\" data-orig-src=\"https:\/\/canih.ca\/wp-content\/uploads\/2025\/09\/2x3_dr-aristeidis-katsanos.jpg\" alt class=\"lazyload img-responsive wp-image-4308\" srcset=\"data:image\/svg+xml,%3Csvg%20xmlns%3D%27http%3A%2F%2Fwww.w3.org%2F2000%2Fsvg%27%20width%3D%27271%27%20height%3D%27406%27%20viewBox%3D%270%200%20271%20406%27%3E%3Crect%20width%3D%27271%27%20height%3D%27406%27%20fill-opacity%3D%220%22%2F%3E%3C%2Fsvg%3E\" data-srcset=\"https:\/\/canih.ca\/wp-content\/uploads\/2025\/09\/2x3_dr-aristeidis-katsanos-200x300.jpg 200w, https:\/\/canih.ca\/wp-content\/uploads\/2025\/09\/2x3_dr-aristeidis-katsanos.jpg 271w\" data-sizes=\"auto\" data-orig-sizes=\"(max-width: 850px) 100vw, 271px\" \/><\/span><\/div><div class=\"fusion-text fusion-text-2 fusion-text-no-margin\" style=\"--awb-content-alignment:center;--awb-margin-top:1.5rem;\"><p>Aristeidis Katsanos<\/p>\n<\/div><div class=\"fusion-text fusion-text-3\" style=\"--awb-content-alignment:center;\"><p>McMaster University<\/p>\n<\/div><div class=\"fusion-separator fusion-full-width-sep\" style=\"align-self: center;margin-left: auto;margin-right: auto;width:100%;\"><div class=\"fusion-separator-border sep-single sep-solid\" style=\"--awb-height:20px;--awb-amount:20px;border-color:var(--awb-color3);border-top-width:1px;\"><\/div><\/div><\/div><\/div><\/div><\/div>\n","protected":false},"excerpt":{"rendered":"","protected":false},"author":1,"featured_media":0,"parent":4312,"menu_order":0,"comment_status":"closed","ping_status":"closed","template":"100-width.php","meta":{"_acf_changed":false,"footnotes":""},"class_list":["post-4378","page","type-page","status-publish","hentry"],"acf":[],"yoast_head":"<!-- This site is optimized with the Yoast SEO plugin v26.4 - https:\/\/yoast.com\/wordpress\/plugins\/seo\/ -->\n<title>CoVasc-ICH - Canadian Inflammation Hub<\/title>\n<meta name=\"robots\" content=\"index, follow, max-snippet:-1, max-image-preview:large, max-video-preview:-1\" \/>\n<link rel=\"canonical\" href=\"https:\/\/canih.ca\/fr\/projets-de-recherche\/covasc-ich\/\" \/>\n<meta property=\"og:locale\" content=\"fr_FR\" \/>\n<meta property=\"og:type\" content=\"article\" \/>\n<meta property=\"og:title\" content=\"CoVasc-ICH - Canadian Inflammation Hub\" \/>\n<meta property=\"og:url\" content=\"https:\/\/canih.ca\/fr\/projets-de-recherche\/covasc-ich\/\" \/>\n<meta property=\"og:site_name\" content=\"Canadian Inflammation Hub\" \/>\n<meta property=\"article:modified_time\" content=\"2025-09-29T17:46:35+00:00\" \/>\n<meta name=\"twitter:card\" content=\"summary_large_image\" \/>\n<meta name=\"twitter:label1\" content=\"Dur\u00e9e de lecture estim\u00e9e\" \/>\n\t<meta name=\"twitter:data1\" content=\"17 minutes\" \/>\n<script type=\"application\/ld+json\" class=\"yoast-schema-graph\">{\"@context\":\"https:\/\/schema.org\",\"@graph\":[{\"@type\":\"WebPage\",\"@id\":\"https:\/\/canih.ca\/fr\/projets-de-recherche\/covasc-ich\/\",\"url\":\"https:\/\/canih.ca\/fr\/projets-de-recherche\/covasc-ich\/\",\"name\":\"CoVasc-ICH - Canadian Inflammation Hub\",\"isPartOf\":{\"@id\":\"https:\/\/canih.ca\/fr\/#website\"},\"datePublished\":\"2025-09-10T17:20:27+00:00\",\"dateModified\":\"2025-09-29T17:46:35+00:00\",\"breadcrumb\":{\"@id\":\"https:\/\/canih.ca\/fr\/projets-de-recherche\/covasc-ich\/#breadcrumb\"},\"inLanguage\":\"fr-FR\",\"potentialAction\":[{\"@type\":\"ReadAction\",\"target\":[\"https:\/\/canih.ca\/fr\/projets-de-recherche\/covasc-ich\/\"]}]},{\"@type\":\"BreadcrumbList\",\"@id\":\"https:\/\/canih.ca\/fr\/projets-de-recherche\/covasc-ich\/#breadcrumb\",\"itemListElement\":[{\"@type\":\"ListItem\",\"position\":1,\"name\":\"Home\",\"item\":\"https:\/\/canih.ca\/fr\/\"},{\"@type\":\"ListItem\",\"position\":2,\"name\":\"Projets de recherche\",\"item\":\"https:\/\/canih.ca\/fr\/research-projects\/\"},{\"@type\":\"ListItem\",\"position\":3,\"name\":\"CoVasc-ICH\"}]},{\"@type\":\"WebSite\",\"@id\":\"https:\/\/canih.ca\/fr\/#website\",\"url\":\"https:\/\/canih.ca\/fr\/\",\"name\":\"Canadian Inflammation Hub\",\"description\":\"Accelerating Solutions for Inflammation\",\"publisher\":{\"@id\":\"https:\/\/canih.ca\/fr\/#organization\"},\"potentialAction\":[{\"@type\":\"SearchAction\",\"target\":{\"@type\":\"EntryPoint\",\"urlTemplate\":\"https:\/\/canih.ca\/fr\/?s={search_term_string}\"},\"query-input\":{\"@type\":\"PropertyValueSpecification\",\"valueRequired\":true,\"valueName\":\"search_term_string\"}}],\"inLanguage\":\"fr-FR\"},{\"@type\":\"Organization\",\"@id\":\"https:\/\/canih.ca\/fr\/#organization\",\"name\":\"Canadian Inflammation Hub\",\"url\":\"https:\/\/canih.ca\/fr\/\",\"logo\":{\"@type\":\"ImageObject\",\"inLanguage\":\"fr-FR\",\"@id\":\"https:\/\/canih.ca\/fr\/#\/schema\/logo\/image\/\",\"url\":\"https:\/\/canih.ca\/wp-content\/uploads\/2022\/09\/KM-HUB-Logo-transparent.png\",\"contentUrl\":\"https:\/\/canih.ca\/wp-content\/uploads\/2022\/09\/KM-HUB-Logo-transparent.png\",\"width\":1500,\"height\":500,\"caption\":\"Canadian Inflammation Hub\"},\"image\":{\"@id\":\"https:\/\/canih.ca\/fr\/#\/schema\/logo\/image\/\"}}]}<\/script>\n<!-- \/ Yoast SEO plugin. -->","yoast_head_json":{"title":"CoVasc-ICH - Canadian Inflammation Hub","robots":{"index":"index","follow":"follow","max-snippet":"max-snippet:-1","max-image-preview":"max-image-preview:large","max-video-preview":"max-video-preview:-1"},"canonical":"https:\/\/canih.ca\/fr\/projets-de-recherche\/covasc-ich\/","og_locale":"fr_FR","og_type":"article","og_title":"CoVasc-ICH - Canadian Inflammation Hub","og_url":"https:\/\/canih.ca\/fr\/projets-de-recherche\/covasc-ich\/","og_site_name":"Canadian Inflammation Hub","article_modified_time":"2025-09-29T17:46:35+00:00","twitter_card":"summary_large_image","twitter_misc":{"Dur\u00e9e de lecture estim\u00e9e":"17 minutes"},"schema":{"@context":"https:\/\/schema.org","@graph":[{"@type":"WebPage","@id":"https:\/\/canih.ca\/fr\/projets-de-recherche\/covasc-ich\/","url":"https:\/\/canih.ca\/fr\/projets-de-recherche\/covasc-ich\/","name":"CoVasc-ICH - Canadian Inflammation Hub","isPartOf":{"@id":"https:\/\/canih.ca\/fr\/#website"},"datePublished":"2025-09-10T17:20:27+00:00","dateModified":"2025-09-29T17:46:35+00:00","breadcrumb":{"@id":"https:\/\/canih.ca\/fr\/projets-de-recherche\/covasc-ich\/#breadcrumb"},"inLanguage":"fr-FR","potentialAction":[{"@type":"ReadAction","target":["https:\/\/canih.ca\/fr\/projets-de-recherche\/covasc-ich\/"]}]},{"@type":"BreadcrumbList","@id":"https:\/\/canih.ca\/fr\/projets-de-recherche\/covasc-ich\/#breadcrumb","itemListElement":[{"@type":"ListItem","position":1,"name":"Home","item":"https:\/\/canih.ca\/fr\/"},{"@type":"ListItem","position":2,"name":"Projets de recherche","item":"https:\/\/canih.ca\/fr\/research-projects\/"},{"@type":"ListItem","position":3,"name":"CoVasc-ICH"}]},{"@type":"WebSite","@id":"https:\/\/canih.ca\/fr\/#website","url":"https:\/\/canih.ca\/fr\/","name":"Canadian Inflammation Hub","description":"Accelerating Solutions for Inflammation","publisher":{"@id":"https:\/\/canih.ca\/fr\/#organization"},"potentialAction":[{"@type":"SearchAction","target":{"@type":"EntryPoint","urlTemplate":"https:\/\/canih.ca\/fr\/?s={search_term_string}"},"query-input":{"@type":"PropertyValueSpecification","valueRequired":true,"valueName":"search_term_string"}}],"inLanguage":"fr-FR"},{"@type":"Organization","@id":"https:\/\/canih.ca\/fr\/#organization","name":"Canadian Inflammation Hub","url":"https:\/\/canih.ca\/fr\/","logo":{"@type":"ImageObject","inLanguage":"fr-FR","@id":"https:\/\/canih.ca\/fr\/#\/schema\/logo\/image\/","url":"https:\/\/canih.ca\/wp-content\/uploads\/2022\/09\/KM-HUB-Logo-transparent.png","contentUrl":"https:\/\/canih.ca\/wp-content\/uploads\/2022\/09\/KM-HUB-Logo-transparent.png","width":1500,"height":500,"caption":"Canadian Inflammation Hub"},"image":{"@id":"https:\/\/canih.ca\/fr\/#\/schema\/logo\/image\/"}}]}},"_links":{"self":[{"href":"https:\/\/canih.ca\/fr\/wp-json\/wp\/v2\/pages\/4378","targetHints":{"allow":["GET"]}}],"collection":[{"href":"https:\/\/canih.ca\/fr\/wp-json\/wp\/v2\/pages"}],"about":[{"href":"https:\/\/canih.ca\/fr\/wp-json\/wp\/v2\/types\/page"}],"author":[{"embeddable":true,"href":"https:\/\/canih.ca\/fr\/wp-json\/wp\/v2\/users\/1"}],"replies":[{"embeddable":true,"href":"https:\/\/canih.ca\/fr\/wp-json\/wp\/v2\/comments?post=4378"}],"version-history":[{"count":7,"href":"https:\/\/canih.ca\/fr\/wp-json\/wp\/v2\/pages\/4378\/revisions"}],"predecessor-version":[{"id":4385,"href":"https:\/\/canih.ca\/fr\/wp-json\/wp\/v2\/pages\/4378\/revisions\/4385"}],"up":[{"embeddable":true,"href":"https:\/\/canih.ca\/fr\/wp-json\/wp\/v2\/pages\/4312"}],"wp:attachment":[{"href":"https:\/\/canih.ca\/fr\/wp-json\/wp\/v2\/media?parent=4378"}],"curies":[{"name":"wp","href":"https:\/\/api.w.org\/{rel}","templated":true}]}}