{"id":4312,"date":"2025-09-08T15:28:54","date_gmt":"2025-09-08T15:28:54","guid":{"rendered":"https:\/\/cdtrp1.test.mobis.io\/research-projects\/"},"modified":"2025-09-29T16:44:55","modified_gmt":"2025-09-29T16:44:55","slug":"projets-de-recherche","status":"publish","type":"page","link":"https:\/\/canih.ca\/fr\/projets-de-recherche\/","title":{"rendered":"Projets de recherche"},"content":{"rendered":"<p><div class=\"fusion-fullwidth fullwidth-box fusion-builder-row-1 fusion-flex-container has-pattern-background has-mask-background nonhundred-percent-fullwidth non-hundred-percent-height-scrolling\" style=\"--awb-background-position:center top;--awb-border-radius-top-left:0px;--awb-border-radius-top-right:0px;--awb-border-radius-bottom-right:0px;--awb-border-radius-bottom-left:0px;--awb-flex-wrap:wrap;\" ><div class=\"fusion-builder-row fusion-row fusion-flex-align-items-flex-start fusion-flex-justify-content-center fusion-flex-content-wrap\" style=\"max-width:calc( 1320px + 0px );margin-left: calc(-0px \/ 2 );margin-right: calc(-0px \/ 2 );\"><div class=\"fusion-layout-column fusion_builder_column fusion-builder-column-0 fusion_builder_column_1_1 1_1 fusion-flex-column\" style=\"--awb-bg-blend:overlay;--awb-bg-size:cover;--awb-width-large:100%;--awb-margin-top-large:0px;--awb-spacing-right-large:0px;--awb-margin-bottom-large:20px;--awb-spacing-left-large:0px;--awb-width-medium:100%;--awb-spacing-right-medium:0px;--awb-spacing-left-medium:0px;--awb-width-small:100%;--awb-spacing-right-small:0px;--awb-spacing-left-small:0px;\"><div class=\"fusion-column-wrapper fusion-flex-justify-content-flex-start fusion-content-layout-column\"><div class=\"fusion-text fusion-text-1 fusion-text-no-margin\" style=\"--awb-content-alignment:center;--awb-font-size:19px;--awb-text-transform:capitalize;--awb-text-color:var(--awb-color5);--awb-margin-bottom:0px;\"><p>\u00c9couter \u2013 Apprendre \u2013 Diriger<\/p>\n<\/div><div class=\"fusion-separator\" style=\"align-self: center;margin-left: auto;margin-right: auto;margin-top:1rem;margin-bottom:1.5rem;width:100%;max-width:4rem;\"><div class=\"fusion-separator-border sep-single sep-dotted\" style=\"--awb-height:20px;--awb-amount:20px;--awb-sep-color:var(--awb-color4);border-color:var(--awb-color4);border-top-width:1px;\"><\/div><\/div><div class=\"fusion-title title fusion-title-1 fusion-sep-none fusion-title-center fusion-title-text fusion-title-size-one\" style=\"--awb-text-color:var(--awb-color8);--awb-margin-top-medium:20px;--awb-font-size:var(--awb-typography1-font-size);\"><h1 class=\"fusion-title-heading title-heading-center\" style=\"font-family:var(--awb-typography1-font-family);font-weight:var(--awb-typography1-font-weight);font-style:var(--awb-typography1-font-style);margin:0;letter-spacing:var(--awb-typography1-letter-spacing);text-transform:var(--awb-typography1-text-transform);font-size:1em;line-height:var(--awb-typography1-line-height);\">Projets de recherche<\/h1><\/div><div class=\"fusion-text fusion-text-2\" style=\"--awb-content-alignment:justify;--awb-font-size:var(--awb-typography4-font-size);--awb-line-height:var(--awb-typography4-line-height);--awb-letter-spacing:var(--awb-typography4-letter-spacing);--awb-text-transform:var(--awb-typography4-text-transform);--awb-margin-top:1.5rem;--awb-text-font-family:var(--awb-typography4-font-family);--awb-text-font-weight:var(--awb-typography4-font-weight);--awb-text-font-style:var(--awb-typography4-font-style);\"><p>Le Centre canadien de mobilisation des connaissances sur l\u2019inflammation relie quatre projets de recherche novateurs conduits par des \u00e9quipes canadiennes qui s\u2019attaquent directement \u00e0 l\u2019inflammation. Ces \u00e9tudes testent des th\u00e9rapies innovantes visant \u00e0 am\u00e9liorer les traitements dans les domaines de la transplantation de cellules souches, de l&rsquo;AVC, de la sant\u00e9 r\u00e9nale et du VIH.<\/p>\n<\/div><div class=\"fusion-text fusion-text-3\" style=\"--awb-content-alignment:center;--awb-font-size:var(--awb-typography4-font-size);--awb-line-height:var(--awb-typography4-line-height);--awb-letter-spacing:var(--awb-typography4-letter-spacing);--awb-text-transform:var(--awb-typography4-text-transform);--awb-margin-top:1.5rem;--awb-text-font-family:var(--awb-typography4-font-family);--awb-text-font-weight:var(--awb-typography4-font-weight);--awb-text-font-style:var(--awb-typography4-font-style);\"><p><strong>D\u00e9couvrez-les. Rencontrez les chercheurs.<\/strong><\/p>\n<\/div><\/div><\/div><\/div><\/div><div class=\"fusion-fullwidth fullwidth-box fusion-builder-row-2 fusion-flex-container has-pattern-background has-mask-background nonhundred-percent-fullwidth non-hundred-percent-height-scrolling\" style=\"--awb-border-radius-top-left:0px;--awb-border-radius-top-right:0px;--awb-border-radius-bottom-right:0px;--awb-border-radius-bottom-left:0px;--awb-margin-top:3rem;--awb-flex-wrap:wrap;\" ><div class=\"fusion-builder-row fusion-row fusion-flex-align-items-flex-start fusion-flex-content-wrap\" style=\"max-width:1372.8px;margin-left: calc(-4% \/ 2 );margin-right: calc(-4% \/ 2 );\"><div class=\"fusion-layout-column fusion_builder_column fusion-builder-column-1 fusion_builder_column_1_2 1_2 fusion-flex-column fusion-flex-align-self-flex-start\" style=\"--awb-padding-top:3rem;--awb-padding-right:3rem;--awb-padding-bottom:3rem;--awb-padding-left:3rem;--awb-bg-color:var(--awb-color3);--awb-bg-color-hover:var(--awb-color3);--awb-bg-size:cover;--awb-transform:translateX(0px);--awb-transform-hover:translateX(20px);--awb-width-large:50%;--awb-margin-top-large:0px;--awb-spacing-right-large:3.84%;--awb-margin-bottom-large:20px;--awb-spacing-left-large:3.84%;--awb-width-medium:50%;--awb-order-medium:0;--awb-spacing-right-medium:3.84%;--awb-spacing-left-medium:3.84%;--awb-width-small:100%;--awb-order-small:0;--awb-spacing-right-small:1.92%;--awb-spacing-left-small:1.92%;\"><div class=\"fusion-column-wrapper fusion-column-has-shadow fusion-flex-justify-content-flex-start fusion-content-layout-column\"><div class=\"fusion-title title fusion-title-2 fusion-sep-none fusion-title-center fusion-title-text fusion-title-size-three\"><h3 class=\"fusion-title-heading title-heading-center\" style=\"margin:0;\">Aristeidis Katsanos<br \/>Universit\u00e9 McMaster<\/h3><\/div><div class=\"fusion-image-element \" style=\"text-align:center;--awb-max-width:200px;--awb-caption-title-font-family:var(--h2_typography-font-family);--awb-caption-title-font-weight:var(--h2_typography-font-weight);--awb-caption-title-font-style:var(--h2_typography-font-style);--awb-caption-title-size:var(--h2_typography-font-size);--awb-caption-title-transform:var(--h2_typography-text-transform);--awb-caption-title-line-height:var(--h2_typography-line-height);--awb-caption-title-letter-spacing:var(--h2_typography-letter-spacing);\"><span class=\" fusion-imageframe imageframe-none imageframe-1 hover-type-none\" style=\"border-radius:10px;\"><img decoding=\"async\" width=\"200\" height=\"300\" title=\"2x3_dr-aristeidis-katsanos\" src=\"https:\/\/canih.ca\/wp-content\/uploads\/2025\/09\/2x3_dr-aristeidis-katsanos.jpg\" data-orig-src=\"https:\/\/canih.ca\/wp-content\/uploads\/2025\/09\/2x3_dr-aristeidis-katsanos-200x300.jpg\" alt class=\"lazyload img-responsive wp-image-4308\" srcset=\"data:image\/svg+xml,%3Csvg%20xmlns%3D%27http%3A%2F%2Fwww.w3.org%2F2000%2Fsvg%27%20width%3D%27271%27%20height%3D%27406%27%20viewBox%3D%270%200%20271%20406%27%3E%3Crect%20width%3D%27271%27%20height%3D%27406%27%20fill-opacity%3D%220%22%2F%3E%3C%2Fsvg%3E\" data-srcset=\"https:\/\/canih.ca\/wp-content\/uploads\/2025\/09\/2x3_dr-aristeidis-katsanos-200x300.jpg 200w, https:\/\/canih.ca\/wp-content\/uploads\/2025\/09\/2x3_dr-aristeidis-katsanos.jpg 271w\" data-sizes=\"auto\" data-orig-sizes=\"(max-width: 850px) 100vw, 200px\" \/><\/span><\/div><div class=\"fusion-text fusion-text-4\" style=\"--awb-content-alignment:center;--awb-font-size:var(--awb-typography4-font-size);--awb-line-height:var(--awb-typography4-line-height);--awb-letter-spacing:var(--awb-typography4-letter-spacing);--awb-text-transform:var(--awb-typography4-text-transform);--awb-margin-top:2rem;--awb-text-font-family:var(--awb-typography4-font-family);--awb-text-font-weight:var(--awb-typography4-font-weight);--awb-text-font-style:var(--awb-typography4-font-style);\"><p>Colchicine for the prevention of vascular events after an acute intracerebral hemorrhage (CoVasc-ICH)<\/p>\n<\/div><div style=\"text-align:center;\"><a class=\"fusion-button button-flat fusion-button-default-size button-default fusion-button-default button-1 fusion-button-default-span fusion-button-default-type\" target=\"_self\" href=\"https:\/\/canih.ca\/fr\/projets-de-recherche\/covasc-ich\/\"><span class=\"fusion-button-text awb-button__text awb-button__text--default\">En savoir plus<\/span><\/a><\/div><\/div><\/div><div class=\"fusion-layout-column fusion_builder_column fusion-builder-column-2 fusion_builder_column_1_2 1_2 fusion-flex-column fusion-flex-align-self-flex-start\" style=\"--awb-padding-top:3rem;--awb-padding-right:3rem;--awb-padding-bottom:3rem;--awb-padding-left:3rem;--awb-bg-color:var(--awb-color2);--awb-bg-color-hover:var(--awb-color2);--awb-bg-size:cover;--awb-transform:translateX(0px);--awb-transform-hover:translateX(-20px);--awb-width-large:50%;--awb-margin-top-large:0px;--awb-spacing-right-large:3.84%;--awb-margin-bottom-large:20px;--awb-spacing-left-large:3.84%;--awb-width-medium:50%;--awb-order-medium:0;--awb-spacing-right-medium:3.84%;--awb-spacing-left-medium:3.84%;--awb-width-small:100%;--awb-order-small:0;--awb-spacing-right-small:1.92%;--awb-spacing-left-small:1.92%;\"><div class=\"fusion-column-wrapper fusion-column-has-shadow fusion-flex-justify-content-flex-start fusion-content-layout-column\"><div class=\"fusion-title title fusion-title-3 fusion-sep-none fusion-title-center fusion-title-text fusion-title-size-three\"><h3 class=\"fusion-title-heading title-heading-center\" style=\"margin:0;\">Megan K Levings<br \/>Universit\u00e9 de la Colombie-Britannique<\/h3><\/div><div class=\"fusion-image-element \" style=\"text-align:center;--awb-aspect-ratio:2 \/ 3;--awb-max-width:200px;--awb-caption-title-font-family:var(--h2_typography-font-family);--awb-caption-title-font-weight:var(--h2_typography-font-weight);--awb-caption-title-font-style:var(--h2_typography-font-style);--awb-caption-title-size:var(--h2_typography-font-size);--awb-caption-title-transform:var(--h2_typography-text-transform);--awb-caption-title-line-height:var(--h2_typography-line-height);--awb-caption-title-letter-spacing:var(--h2_typography-letter-spacing);\"><div style=\"display:inline-block;width:200px;\"><span class=\" fusion-imageframe imageframe-none imageframe-2 hover-type-none has-aspect-ratio\" style=\"border-radius:10px;\"><img decoding=\"async\" width=\"200\" height=\"300\" title=\"2X3_Levings_Megan 2025\" src=\"data:image\/svg+xml,%3Csvg%20xmlns%3D%27http%3A%2F%2Fwww.w3.org%2F2000%2Fsvg%27%20width%3D%27200%27%20height%3D%27300%27%20viewBox%3D%270%200%20200%20300%27%3E%3Crect%20width%3D%27200%27%20height%3D%27300%27%20fill-opacity%3D%220%22%2F%3E%3C%2Fsvg%3E\" data-orig-src=\"https:\/\/canih.ca\/wp-content\/uploads\/2025\/09\/2X3_Levings_Megan-2025.jpg\" class=\"lazyload img-responsive wp-image-4309 img-with-aspect-ratio\" data-parent-fit=\"cover\" data-parent-container=\".fusion-image-element\" alt \/><\/span><\/div><\/div><div class=\"fusion-text fusion-text-5\" style=\"--awb-content-alignment:center;--awb-font-size:var(--awb-typography4-font-size);--awb-line-height:var(--awb-typography4-line-height);--awb-letter-spacing:var(--awb-typography4-letter-spacing);--awb-text-transform:var(--awb-typography4-text-transform);--awb-margin-top:2rem;--awb-text-font-family:var(--awb-typography4-font-family);--awb-text-font-weight:var(--awb-typography4-font-weight);--awb-text-font-style:var(--awb-typography4-font-style);\"><p>Allogeneic regulatory T cell therapy to prevent chronic graft versus host disease.<\/p>\n<\/div><div style=\"text-align:center;\"><a class=\"fusion-button button-flat fusion-button-default-size button-default fusion-button-default button-2 fusion-button-default-span fusion-button-default-type\" target=\"_self\" href=\"https:\/\/canih.ca\/fr\/projets-de-recherche\/allogeneic-regulatory-t-cell-therapy\/\"><span class=\"fusion-button-text awb-button__text awb-button__text--default\">En savoir plus<\/span><\/a><\/div><\/div><\/div><div class=\"fusion-layout-column fusion_builder_column fusion-builder-column-3 fusion_builder_column_1_2 1_2 fusion-flex-column fusion-flex-align-self-flex-start\" style=\"--awb-padding-top:3rem;--awb-padding-right:3rem;--awb-padding-bottom:3rem;--awb-padding-left:3rem;--awb-bg-color:var(--awb-color2);--awb-bg-color-hover:var(--awb-color2);--awb-bg-size:cover;--awb-transform:translateX(0px);--awb-transform-hover:translateX(20px);--awb-width-large:50%;--awb-margin-top-large:2%;--awb-spacing-right-large:3.84%;--awb-margin-bottom-large:20px;--awb-spacing-left-large:3.84%;--awb-width-medium:50%;--awb-order-medium:0;--awb-spacing-right-medium:3.84%;--awb-spacing-left-medium:3.84%;--awb-width-small:100%;--awb-order-small:0;--awb-spacing-right-small:1.92%;--awb-spacing-left-small:1.92%;\" data-scroll-devices=\"small-visibility,medium-visibility,large-visibility\"><div class=\"fusion-column-wrapper fusion-column-has-shadow fusion-flex-justify-content-flex-start fusion-content-layout-column\"><div class=\"fusion-title title fusion-title-4 fusion-sep-none fusion-title-center fusion-title-text fusion-title-size-three\"><h3 class=\"fusion-title-heading title-heading-center\" style=\"margin:0;\">Matthew T James<br \/>Universit\u00e9 de Calgary<\/h3><\/div><div class=\"fusion-image-element \" style=\"text-align:center;--awb-aspect-ratio:2 \/ 3;--awb-max-width:200px;--awb-caption-title-font-family:var(--h2_typography-font-family);--awb-caption-title-font-weight:var(--h2_typography-font-weight);--awb-caption-title-font-style:var(--h2_typography-font-style);--awb-caption-title-size:var(--h2_typography-font-size);--awb-caption-title-transform:var(--h2_typography-text-transform);--awb-caption-title-line-height:var(--h2_typography-line-height);--awb-caption-title-letter-spacing:var(--h2_typography-letter-spacing);\"><div style=\"display:inline-block;width:200px;\"><span class=\" fusion-imageframe imageframe-none imageframe-3 hover-type-none has-aspect-ratio\" style=\"border-radius:10px;\"><img decoding=\"async\" width=\"200\" height=\"300\" title=\"Calgary Boudoir Photographer\" src=\"data:image\/svg+xml,%3Csvg%20xmlns%3D%27http%3A%2F%2Fwww.w3.org%2F2000%2Fsvg%27%20width%3D%27200%27%20height%3D%27300%27%20viewBox%3D%270%200%20200%20300%27%3E%3Crect%20width%3D%27200%27%20height%3D%27300%27%20fill-opacity%3D%220%22%2F%3E%3C%2Fsvg%3E\" data-orig-src=\"https:\/\/canih.ca\/wp-content\/uploads\/2025\/09\/2x3_dr.-matthew-thomas-james.jpg\" class=\"lazyload img-responsive wp-image-4310 img-with-aspect-ratio\" data-parent-fit=\"cover\" data-parent-container=\".fusion-image-element\" alt \/><\/span><\/div><\/div><div class=\"fusion-text fusion-text-6\" style=\"--awb-content-alignment:center;--awb-font-size:var(--awb-typography4-font-size);--awb-line-height:var(--awb-typography4-line-height);--awb-letter-spacing:var(--awb-typography4-letter-spacing);--awb-text-transform:var(--awb-typography4-text-transform);--awb-margin-top:2rem;--awb-text-font-family:var(--awb-typography4-font-family);--awb-text-font-weight:var(--awb-typography4-font-weight);--awb-text-font-style:var(--awb-typography4-font-style);\"><p>Prevention of Nephrotoxin-induced Acute Kidney Injury with Cilastatin (PONTIAC) Trial<\/p>\n<\/div><div style=\"text-align:center;\"><a class=\"fusion-button button-flat fusion-button-default-size button-default fusion-button-default button-3 fusion-button-default-span fusion-button-default-type\" target=\"_self\" href=\"https:\/\/canih.ca\/fr\/projets-de-recherche\/pontiac\/\"><span class=\"fusion-button-text awb-button__text awb-button__text--default\">En savoir plus<\/span><\/a><\/div><\/div><\/div><div class=\"fusion-layout-column fusion_builder_column fusion-builder-column-4 fusion_builder_column_1_2 1_2 fusion-flex-column fusion-flex-align-self-flex-start\" style=\"--awb-padding-top:3rem;--awb-padding-right:3rem;--awb-padding-bottom:3rem;--awb-padding-left:3rem;--awb-bg-color:var(--awb-color3);--awb-bg-color-hover:var(--awb-color3);--awb-bg-size:cover;--awb-transform:translateX(0px);--awb-transform-hover:translateX(-20px);--awb-width-large:50%;--awb-margin-top-large:2%;--awb-spacing-right-large:3.84%;--awb-margin-bottom-large:20px;--awb-spacing-left-large:3.84%;--awb-width-medium:50%;--awb-order-medium:0;--awb-spacing-right-medium:3.84%;--awb-spacing-left-medium:3.84%;--awb-width-small:100%;--awb-order-small:0;--awb-spacing-right-small:1.92%;--awb-spacing-left-small:1.92%;\"><div class=\"fusion-column-wrapper fusion-column-has-shadow fusion-flex-justify-content-flex-start fusion-content-layout-column\"><div class=\"fusion-title title fusion-title-5 fusion-sep-none fusion-title-center fusion-title-text fusion-title-size-three\"><h3 class=\"fusion-title-heading title-heading-center\" style=\"margin:0;\">Madeleine Durand<br \/>Universit\u00e9 de Montr\u00e9al<\/h3><\/div><div class=\"fusion-image-element \" style=\"text-align:center;--awb-max-width:200px;--awb-caption-title-font-family:var(--h2_typography-font-family);--awb-caption-title-font-weight:var(--h2_typography-font-weight);--awb-caption-title-font-style:var(--h2_typography-font-style);--awb-caption-title-size:var(--h2_typography-font-size);--awb-caption-title-transform:var(--h2_typography-text-transform);--awb-caption-title-line-height:var(--h2_typography-line-height);--awb-caption-title-letter-spacing:var(--h2_typography-letter-spacing);\"><span class=\" fusion-imageframe imageframe-none imageframe-4 hover-type-none\" style=\"border-radius:10px;\"><img decoding=\"async\" width=\"200\" height=\"300\" title=\"madeleine-durand_4\" src=\"data:image\/svg+xml,%3Csvg%20xmlns%3D%27http%3A%2F%2Fwww.w3.org%2F2000%2Fsvg%27%20width%3D%27200%27%20height%3D%27300%27%20viewBox%3D%270%200%20200%20300%27%3E%3Crect%20width%3D%27200%27%20height%3D%27300%27%20fill-opacity%3D%220%22%2F%3E%3C%2Fsvg%3E\" data-orig-src=\"https:\/\/canih.ca\/wp-content\/uploads\/2025\/09\/madeleine-durand_4.jpg\" alt class=\"lazyload img-responsive wp-image-4311\"\/><\/span><\/div><div class=\"fusion-text fusion-text-7\" style=\"--awb-content-alignment:center;--awb-font-size:var(--awb-typography4-font-size);--awb-line-height:var(--awb-typography4-line-height);--awb-letter-spacing:var(--awb-typography4-letter-spacing);--awb-text-transform:var(--awb-typography4-text-transform);--awb-margin-top:2rem;--awb-text-font-family:var(--awb-typography4-font-family);--awb-text-font-weight:var(--awb-typography4-font-weight);--awb-text-font-style:var(--awb-typography4-font-style);\"><p>Closing the Comorbidity Gap for People Living with HIV: a Randomized Controlled Trial of Fostemsavir to Reduce Inflammaging<\/p>\n<\/div><div style=\"text-align:center;\"><a class=\"fusion-button button-flat fusion-button-default-size button-default fusion-button-default button-4 fusion-button-default-span fusion-button-default-type\" target=\"_self\" href=\"https:\/\/canih.ca\/fr\/projets-de-recherche\/closing-the-comorbidity-gap-for-people-living-with-hiv-a-randomized-controlled-trial-of-fostemsavir-to-reduce-inflammaging\/\"><span class=\"fusion-button-text awb-button__text awb-button__text--default\">En savoir plus<\/span><\/a><\/div><\/div><\/div><\/div><\/div><\/p>\n","protected":false},"excerpt":{"rendered":"","protected":false},"author":1,"featured_media":0,"parent":0,"menu_order":0,"comment_status":"closed","ping_status":"closed","template":"100-width.php","meta":{"_acf_changed":false,"footnotes":""},"class_list":["post-4312","page","type-page","status-publish","hentry"],"acf":[],"yoast_head":"<!-- This site is optimized with the Yoast SEO plugin v26.4 - https:\/\/yoast.com\/wordpress\/plugins\/seo\/ -->\n<title>Projets de recherche - Canadian Inflammation Hub<\/title>\n<meta name=\"robots\" content=\"index, follow, max-snippet:-1, max-image-preview:large, max-video-preview:-1\" \/>\n<link rel=\"canonical\" href=\"https:\/\/canih.ca\/fr\/projets-de-recherche\/\" \/>\n<meta property=\"og:locale\" content=\"fr_FR\" \/>\n<meta property=\"og:type\" content=\"article\" \/>\n<meta property=\"og:title\" content=\"Projets de recherche - Canadian Inflammation Hub\" \/>\n<meta property=\"og:url\" content=\"https:\/\/canih.ca\/fr\/projets-de-recherche\/\" \/>\n<meta property=\"og:site_name\" content=\"Canadian Inflammation Hub\" \/>\n<meta property=\"article:modified_time\" content=\"2025-09-29T16:44:55+00:00\" \/>\n<meta name=\"twitter:card\" content=\"summary_large_image\" \/>\n<meta name=\"twitter:label1\" content=\"Dur\u00e9e de lecture estim\u00e9e\" \/>\n\t<meta name=\"twitter:data1\" content=\"2 minutes\" \/>\n<script type=\"application\/ld+json\" class=\"yoast-schema-graph\">{\"@context\":\"https:\/\/schema.org\",\"@graph\":[{\"@type\":\"WebPage\",\"@id\":\"https:\/\/canih.ca\/fr\/projets-de-recherche\/\",\"url\":\"https:\/\/canih.ca\/fr\/projets-de-recherche\/\",\"name\":\"Projets de recherche - Canadian Inflammation Hub\",\"isPartOf\":{\"@id\":\"https:\/\/canih.ca\/fr\/#website\"},\"datePublished\":\"2025-09-08T15:28:54+00:00\",\"dateModified\":\"2025-09-29T16:44:55+00:00\",\"breadcrumb\":{\"@id\":\"https:\/\/canih.ca\/fr\/projets-de-recherche\/#breadcrumb\"},\"inLanguage\":\"fr-FR\",\"potentialAction\":[{\"@type\":\"ReadAction\",\"target\":[\"https:\/\/canih.ca\/fr\/projets-de-recherche\/\"]}]},{\"@type\":\"BreadcrumbList\",\"@id\":\"https:\/\/canih.ca\/fr\/projets-de-recherche\/#breadcrumb\",\"itemListElement\":[{\"@type\":\"ListItem\",\"position\":1,\"name\":\"Home\",\"item\":\"https:\/\/canih.ca\/fr\/\"},{\"@type\":\"ListItem\",\"position\":2,\"name\":\"Projets de recherche\"}]},{\"@type\":\"WebSite\",\"@id\":\"https:\/\/canih.ca\/fr\/#website\",\"url\":\"https:\/\/canih.ca\/fr\/\",\"name\":\"Canadian Inflammation Hub\",\"description\":\"Accelerating Solutions for Inflammation\",\"publisher\":{\"@id\":\"https:\/\/canih.ca\/fr\/#organization\"},\"potentialAction\":[{\"@type\":\"SearchAction\",\"target\":{\"@type\":\"EntryPoint\",\"urlTemplate\":\"https:\/\/canih.ca\/fr\/?s={search_term_string}\"},\"query-input\":{\"@type\":\"PropertyValueSpecification\",\"valueRequired\":true,\"valueName\":\"search_term_string\"}}],\"inLanguage\":\"fr-FR\"},{\"@type\":\"Organization\",\"@id\":\"https:\/\/canih.ca\/fr\/#organization\",\"name\":\"Canadian Inflammation Hub\",\"url\":\"https:\/\/canih.ca\/fr\/\",\"logo\":{\"@type\":\"ImageObject\",\"inLanguage\":\"fr-FR\",\"@id\":\"https:\/\/canih.ca\/fr\/#\/schema\/logo\/image\/\",\"url\":\"https:\/\/canih.ca\/wp-content\/uploads\/2022\/09\/KM-HUB-Logo-transparent.png\",\"contentUrl\":\"https:\/\/canih.ca\/wp-content\/uploads\/2022\/09\/KM-HUB-Logo-transparent.png\",\"width\":1500,\"height\":500,\"caption\":\"Canadian Inflammation Hub\"},\"image\":{\"@id\":\"https:\/\/canih.ca\/fr\/#\/schema\/logo\/image\/\"}}]}<\/script>\n<!-- \/ Yoast SEO plugin. -->","yoast_head_json":{"title":"Projets de recherche - Canadian Inflammation Hub","robots":{"index":"index","follow":"follow","max-snippet":"max-snippet:-1","max-image-preview":"max-image-preview:large","max-video-preview":"max-video-preview:-1"},"canonical":"https:\/\/canih.ca\/fr\/projets-de-recherche\/","og_locale":"fr_FR","og_type":"article","og_title":"Projets de recherche - Canadian Inflammation Hub","og_url":"https:\/\/canih.ca\/fr\/projets-de-recherche\/","og_site_name":"Canadian Inflammation Hub","article_modified_time":"2025-09-29T16:44:55+00:00","twitter_card":"summary_large_image","twitter_misc":{"Dur\u00e9e de lecture estim\u00e9e":"2 minutes"},"schema":{"@context":"https:\/\/schema.org","@graph":[{"@type":"WebPage","@id":"https:\/\/canih.ca\/fr\/projets-de-recherche\/","url":"https:\/\/canih.ca\/fr\/projets-de-recherche\/","name":"Projets de recherche - Canadian Inflammation Hub","isPartOf":{"@id":"https:\/\/canih.ca\/fr\/#website"},"datePublished":"2025-09-08T15:28:54+00:00","dateModified":"2025-09-29T16:44:55+00:00","breadcrumb":{"@id":"https:\/\/canih.ca\/fr\/projets-de-recherche\/#breadcrumb"},"inLanguage":"fr-FR","potentialAction":[{"@type":"ReadAction","target":["https:\/\/canih.ca\/fr\/projets-de-recherche\/"]}]},{"@type":"BreadcrumbList","@id":"https:\/\/canih.ca\/fr\/projets-de-recherche\/#breadcrumb","itemListElement":[{"@type":"ListItem","position":1,"name":"Home","item":"https:\/\/canih.ca\/fr\/"},{"@type":"ListItem","position":2,"name":"Projets de recherche"}]},{"@type":"WebSite","@id":"https:\/\/canih.ca\/fr\/#website","url":"https:\/\/canih.ca\/fr\/","name":"Canadian Inflammation Hub","description":"Accelerating Solutions for Inflammation","publisher":{"@id":"https:\/\/canih.ca\/fr\/#organization"},"potentialAction":[{"@type":"SearchAction","target":{"@type":"EntryPoint","urlTemplate":"https:\/\/canih.ca\/fr\/?s={search_term_string}"},"query-input":{"@type":"PropertyValueSpecification","valueRequired":true,"valueName":"search_term_string"}}],"inLanguage":"fr-FR"},{"@type":"Organization","@id":"https:\/\/canih.ca\/fr\/#organization","name":"Canadian Inflammation Hub","url":"https:\/\/canih.ca\/fr\/","logo":{"@type":"ImageObject","inLanguage":"fr-FR","@id":"https:\/\/canih.ca\/fr\/#\/schema\/logo\/image\/","url":"https:\/\/canih.ca\/wp-content\/uploads\/2022\/09\/KM-HUB-Logo-transparent.png","contentUrl":"https:\/\/canih.ca\/wp-content\/uploads\/2022\/09\/KM-HUB-Logo-transparent.png","width":1500,"height":500,"caption":"Canadian Inflammation Hub"},"image":{"@id":"https:\/\/canih.ca\/fr\/#\/schema\/logo\/image\/"}}]}},"_links":{"self":[{"href":"https:\/\/canih.ca\/fr\/wp-json\/wp\/v2\/pages\/4312","targetHints":{"allow":["GET"]}}],"collection":[{"href":"https:\/\/canih.ca\/fr\/wp-json\/wp\/v2\/pages"}],"about":[{"href":"https:\/\/canih.ca\/fr\/wp-json\/wp\/v2\/types\/page"}],"author":[{"embeddable":true,"href":"https:\/\/canih.ca\/fr\/wp-json\/wp\/v2\/users\/1"}],"replies":[{"embeddable":true,"href":"https:\/\/canih.ca\/fr\/wp-json\/wp\/v2\/comments?post=4312"}],"version-history":[{"count":14,"href":"https:\/\/canih.ca\/fr\/wp-json\/wp\/v2\/pages\/4312\/revisions"}],"predecessor-version":[{"id":4374,"href":"https:\/\/canih.ca\/fr\/wp-json\/wp\/v2\/pages\/4312\/revisions\/4374"}],"wp:attachment":[{"href":"https:\/\/canih.ca\/fr\/wp-json\/wp\/v2\/media?parent=4312"}],"curies":[{"name":"wp","href":"https:\/\/api.w.org\/{rel}","templated":true}]}}